{"id":6005,"date":"2022-10-20T09:00:49","date_gmt":"2022-10-20T09:00:49","guid":{"rendered":"https:\/\/longmatic.com\/products\/non class\u00e9\/pistolet-a-eau\/"},"modified":"2022-10-20T09:00:49","modified_gmt":"2022-10-20T09:00:49","slug":"pistolet-a-eau","status":"publish","type":"product","link":"https:\/\/longmatic.com\/fr\/products\/animaux\/pistolet-a-eau\/","title":{"rendered":"pistolet \u00e0 eau"},"content":{"rendered":"<div class=\"page_title\"><\/div>\n<div class=\"pro_detail_m\"><\/div>\n<div><\/div>\n","protected":false},"excerpt":{"rendered":"<p>Capacit\u00e9 d&#8217;accueil 4-6 personnes<br \/>\n\u00c2ge : 8-50 ans<br \/>\nPopulaire : \u2605\u2605\u2605\u2605\u2605<\/p>\n<p>Zone d&#8217;occupation typique:2<\/p>\n<p>Capacit\u00e9 horaire : 50 invit\u00e9s\/h<\/p>\n<p>Puissance typique : 7.5kw\/h<\/p>\n<p>\u00c2ge appropri\u00e9 : 3-15 ans<\/p>\n<p>Mat\u00e9riau : acier inoxydable<\/p>\n","protected":false},"featured_media":6298,"template":"","meta":[],"product_brand":[],"product_cat":[89,105],"product_tag":[],"class_list":{"0":"post-6005","1":"product","2":"type-product","3":"status-publish","4":"has-post-thumbnail","6":"product_cat-animaux","7":"product_cat-aqua-play-fr","9":"first","10":"instock","11":"shipping-taxable","12":"product-type-simple"},"yoast_head":"<!-- This site is optimized with the Yoast SEO Premium plugin v15.5 - https:\/\/yoast.com\/wordpress\/plugins\/seo\/ -->\n<title>pistolet \u00e0 eau - Longmatic<\/title>\n<meta name=\"robots\" content=\"index, follow, max-snippet:-1, max-image-preview:large, max-video-preview:-1\" \/>\n<link rel=\"canonical\" href=\"https:\/\/longmatic.com\/fr\/products\/animaux\/pistolet-a-eau\/\" \/>\n<meta property=\"og:locale\" content=\"fr_FR\" \/>\n<meta property=\"og:type\" content=\"article\" \/>\n<meta property=\"og:title\" content=\"pistolet \u00e0 eau - Longmatic\" \/>\n<meta property=\"og:description\" content=\"Capacit\u00e9 d&#039;accueil 4-6 personnes \u00c2ge : 8-50 ans Populaire : \u2605\u2605\u2605\u2605\u2605 Zone d&#039;occupation typique:2 Capacit\u00e9 horaire : 50 invit\u00e9s\/h Puissance typique : 7.5kw\/h \u00c2ge appropri\u00e9 : 3-15 ans Mat\u00e9riau : acier inoxydable\" \/>\n<meta property=\"og:url\" content=\"https:\/\/longmatic.com\/fr\/products\/animaux\/pistolet-a-eau\/\" \/>\n<meta property=\"og:site_name\" content=\"Longmatic\" \/>\n<meta property=\"og:image\" content=\"https:\/\/longmatic.com\/wp-content\/uploads\/2022\/10\/6a0cf538c774efe07f5b6a85479ebc9d.jpg\" \/>\n\t<meta property=\"og:image:width\" content=\"800\" \/>\n\t<meta property=\"og:image:height\" content=\"600\" \/>\n<meta name=\"twitter:card\" content=\"summary_large_image\" \/>\n<meta name=\"twitter:label1\" content=\"Est. reading time\">\n\t<meta name=\"twitter:data1\" content=\"0 minutes\">\n<script type=\"application\/ld+json\" class=\"yoast-schema-graph\">{\"@context\":\"https:\/\/schema.org\",\"@graph\":[{\"@type\":\"WebSite\",\"@id\":\"https:\/\/longmatic.com\/fr\/#website\",\"url\":\"https:\/\/longmatic.com\/fr\/\",\"name\":\"Longmatic\",\"description\":\"We specialize on water parks...\",\"potentialAction\":[{\"@type\":\"SearchAction\",\"target\":\"https:\/\/longmatic.com\/fr\/?s={search_term_string}\",\"query-input\":\"required name=search_term_string\"}],\"inLanguage\":\"fr-FR\"},{\"@type\":\"ImageObject\",\"@id\":\"https:\/\/longmatic.com\/fr\/products\/animaux\/pistolet-a-eau\/#primaryimage\",\"inLanguage\":\"fr-FR\",\"url\":\"https:\/\/longmatic.com\/wp-content\/uploads\/2022\/10\/6a0cf538c774efe07f5b6a85479ebc9d.jpg\",\"width\":800,\"height\":600},{\"@type\":\"WebPage\",\"@id\":\"https:\/\/longmatic.com\/fr\/products\/animaux\/pistolet-a-eau\/#webpage\",\"url\":\"https:\/\/longmatic.com\/fr\/products\/animaux\/pistolet-a-eau\/\",\"name\":\"pistolet \\u00e0 eau - Longmatic\",\"isPartOf\":{\"@id\":\"https:\/\/longmatic.com\/fr\/#website\"},\"primaryImageOfPage\":{\"@id\":\"https:\/\/longmatic.com\/fr\/products\/animaux\/pistolet-a-eau\/#primaryimage\"},\"datePublished\":\"2022-10-20T09:00:49+00:00\",\"dateModified\":\"2022-10-20T09:00:49+00:00\",\"inLanguage\":\"fr-FR\",\"potentialAction\":[{\"@type\":\"ReadAction\",\"target\":[\"https:\/\/longmatic.com\/fr\/products\/animaux\/pistolet-a-eau\/\"]}]}]}<\/script>\n<!-- \/ Yoast SEO Premium plugin. -->","_links":{"self":[{"href":"https:\/\/longmatic.com\/fr\/wp-json\/wp\/v2\/product\/6005","targetHints":{"allow":["GET"]}}],"collection":[{"href":"https:\/\/longmatic.com\/fr\/wp-json\/wp\/v2\/product"}],"about":[{"href":"https:\/\/longmatic.com\/fr\/wp-json\/wp\/v2\/types\/product"}],"version-history":[{"count":0,"href":"https:\/\/longmatic.com\/fr\/wp-json\/wp\/v2\/product\/6005\/revisions"}],"wp:featuredmedia":[{"embeddable":true,"href":"https:\/\/longmatic.com\/fr\/wp-json\/wp\/v2\/media\/6298"}],"wp:attachment":[{"href":"https:\/\/longmatic.com\/fr\/wp-json\/wp\/v2\/media?parent=6005"}],"wp:term":[{"taxonomy":"product_brand","embeddable":true,"href":"https:\/\/longmatic.com\/fr\/wp-json\/wp\/v2\/product_brand?post=6005"},{"taxonomy":"product_cat","embeddable":true,"href":"https:\/\/longmatic.com\/fr\/wp-json\/wp\/v2\/product_cat?post=6005"},{"taxonomy":"product_tag","embeddable":true,"href":"https:\/\/longmatic.com\/fr\/wp-json\/wp\/v2\/product_tag?post=6005"}],"curies":[{"name":"wp","href":"https:\/\/api.w.org\/{rel}","templated":true}]}}